{"id":75,"date":"2024-10-21T00:04:21","date_gmt":"2024-10-20T21:04:21","guid":{"rendered":"https:\/\/macuncudayi.teknoritimdns.com\/?page_id=75"},"modified":"2024-10-21T21:34:51","modified_gmt":"2024-10-21T18:34:51","slug":"kullanim-klavuzu","status":"publish","type":"page","link":"https:\/\/macuncudayi.teknoritimdns.com\/en\/kullanim-klavuzu\/","title":{"rendered":"Kullan\u0131m Klavuzu"},"content":{"rendered":"<p>[vc_row][vc_column][vc_column_text]Hal\u0131n\u0131z\u0131 daha uzun s\u00fcre kullanman\u0131z i\u00e7in, kullan\u0131m talimat\u0131na uygun ve \u00f6zenli kullanman\u0131z gerekmektedir<\/p>\n<p>Hal\u0131 i\u00e7in d\u00fczenli temizlik \u015fartt\u0131r. D\u00fczenli bak\u0131m, kir ve lekelerin g\u00f6r\u00fcn\u00fcrl\u00fc\u011f\u00fcn\u00fc, hal\u0131 i\u00e7erisine s\u0131k\u0131\u015fm\u0131\u015f kirlerden kaynakl\u0131 a\u015f\u0131nmay\u0131 minimum d\u00fczeye indirmekte, ilk g\u00fcnk\u00fc g\u00f6r\u00fcn\u00fcm\u00fcn\u00fcn korunmas\u0131n\u0131 sa\u011flamakta ve hal\u0131n\u0131n efektif \u00f6mr\u00fcn\u00fc uzatmaktad\u0131r.<\/p>\n<p>Hal\u0131n\u0131n b\u00fct\u00fcn y\u00fczeyi; elektrik s\u00fcp\u00fcrgesiyle, hal\u0131 \u00fczerindeki trafik yo\u011funlu\u011funa ba\u011fl\u0131 olarak, g\u00fcnl\u00fck veya haftada en az iki kere s\u00fcp\u00fcr\u00fclmelidir. S\u00fcp\u00fcrme i\u015flemi, hal\u0131n\u0131n hav ipliklerinin s\u00fcp\u00fcrme y\u00f6n\u00fcnde ve yava\u015f hareketlerle yap\u0131lmal\u0131d\u0131r.<\/p>\n<p>Hal\u0131lar\u0131n uzun s\u00fcreli kullan\u0131labilmesi i\u00e7in y\u0131kanmamas\u0131, \u00e7\u0131rp\u0131lmamas\u0131 ve d\u00f6v\u00fclmemesi gerekmektedir.<\/p>\n<p>Hal\u0131; hal\u0131 \u015fampuan\u0131 ve su kar\u0131\u015f\u0131m\u0131 ile elde edilen k\u00f6p\u00fck ile silinerek temizlenmelidir. K\u00f6p\u00fck haricindeki \u015fampuanl\u0131 su ile temizlenmesi durumunda, hal\u0131 \u00fczerinde kal\u0131c\u0131 lekeler olu\u015fabilmektedir. Unutulmamal\u0131d\u0131r ki, su da hal\u0131lar i\u00e7in kirletici bir maddedir.<\/p>\n<p>Temizlikten sonra hal\u0131 k\u0131sa s\u00fcrede kurutulmal\u0131 ve nemli b\u0131rak\u0131lmamal\u0131d\u0131r. Kurutma i\u015flemi, hal\u0131n\u0131n alt k\u0131sm\u0131 \u00fcst y\u00fczeye gelecek \u015fekilde k\u0131zg\u0131n olmayan g\u00fcne\u015f ortam\u0131nda yap\u0131lmal\u0131d\u0131r.<\/p>\n<p>Silme i\u015flemi ile temizlik kimyasal\u0131n\u0131n hal\u0131 y\u00fczeyinden y\u00fczde y\u00fcz uzakla\u015ft\u0131r\u0131lmas\u0131 m\u00fcmk\u00fcn olmamakta ve en iyi hal\u0131 \u015fampuan\u0131 kullan\u0131lsa dahi, temiz su ile \u00e7ok iyi durulanmad\u0131\u011f\u0131 takdirde tortu kalmas\u0131 halinde (g\u00fcne\u015f \u0131\u015f\u0131\u011f\u0131n\u0131n etkisi ile) kimyasal reaksiyona girerek hal\u0131 y\u00fczeyinde sararmalara yol a\u00e7maktad\u0131r.<\/p>\n<p>Hal\u0131; deterjan, sert y\u00fczey temizleyicileri, \u00e7ama\u015f\u0131r suyu ve tuz ruhu gibi maddelerden uzak tutulmal\u0131d\u0131r. Bu ve benzeri maddeler asla temizlikte kullan\u0131lmamal\u0131d\u0131r. \u00c7\u00fcnk\u00fc bu t\u00fcr maddeler hal\u0131 dokusuna zarar vererek hal\u0131n\u0131n \u00e7\u00fcr\u00fcmesine neden olabilmektedir. Genel temizlik i\u00e7in sadece hal\u0131 \u015fampuan k\u00f6p\u00fc\u011f\u00fc yeterli olmaktad\u0131r.<\/p>\n<p>Shaggy hal\u0131 t\u00fcrlerinin temizlenmesi s\u00fcrecinden \u00f6nce, ters \u00e7evrilerek i\u00e7erisine birikmi\u015f olan at\u0131klar\u0131n i\u00e7 k\u0131s\u0131mdan uzakla\u015ft\u0131r\u0131lmas\u0131 gerekmektedir.<\/p>\n<p>A\u00e7\u0131k zeminli hal\u0131lar daha kolay kir g\u00f6stermekte ve daha zor temizlenmektedir. Hal\u0131 se\u00e7imi yap\u0131l\u0131rken kullan\u0131lacak yerin durumuna g\u00f6re zemin rengi belirlemek, daha sonraki kullan\u0131m kolayl\u0131\u011f\u0131 i\u00e7in faydal\u0131 olmaktad\u0131r. Unutulmamal\u0131d\u0131r ki, hi\u00e7bir leke \u00e7\u0131kar\u0131c\u0131 lekelenen e\u015fyaya zarar vermeden b\u00fct\u00fcn lekeleri tamamen \u00e7\u0131kartamamaktad\u0131r.<\/p>\n<p>Hal\u0131 \u00fczerinde olu\u015fan leke, an\u0131nda ve do\u011fru m\u00fcdahale edilmesi durumunda giderilebilir. Acil ihtiya\u00e7lar i\u00e7in leke \u00e7\u0131kar\u0131c\u0131 \u00fcr\u00fcn ve aletlerin el alt\u0131nda bulundurulmas\u0131 yararl\u0131 olur.<\/p>\n<p>Hal\u0131n\u0131n \u00fczerine d\u00f6k\u00fclen s\u0131v\u0131, hemen emici bez, k\u00e2\u011f\u0131t havlu veya vakumlu s\u00fcp\u00fcrge ile hal\u0131dan uzakla\u015ft\u0131r\u0131lmal\u0131 ve d\u00f6k\u00fclen maddenin cinsine g\u00f6re i\u015flem yap\u0131lmal\u0131d\u0131r.<\/p>\n<p>Leke \u00e7\u0131karma i\u015flemi, leke \u00e7\u0131karmada kullan\u0131lacak kimyevi bir madde ile \u00f6ncelikle hal\u0131n\u0131n g\u00f6r\u00fcnmeyen bir yerinde denenmelidir.<\/p>\n<p>Temizleme i\u015fleminin yap\u0131ld\u0131\u011f\u0131 b\u00f6lgede bulunan hav iplikleri dik duracak \u015fekilde, yumu\u015fak plastik u\u00e7lu f\u0131r\u00e7a ile taranmal\u0131d\u0131r.<\/p>\n<p>Hal\u0131n\u0131n \u00fczerine ayak k\u0131sm\u0131 sivri veya dar e\u015fyalar konulmamal\u0131d\u0131r. Hal\u0131 \u00fczerindeki e\u015fyalar ne olursa olsun belirli aral\u0131klarla hal\u0131n\u0131n veya e\u015fyalar\u0131n yeri de\u011fi\u015ftirilmelidir. Aksi takdirde hal\u0131 hav\u0131 deforme olacakt\u0131r.<br \/>\nA\u011f\u0131rl\u0131k alt\u0131nda kalan hal\u0131 \u00e7ekilerek \u00e7\u0131kart\u0131lmak istendi\u011finde, overlok ve s\u0131rt \u00f6rg\u00fcs\u00fcn\u00fcn s\u00f6k\u00fcl\u00fcp y\u0131rt\u0131lmamas\u0131na dikkat edilmelidir.<\/p>\n<p>A\u011f\u0131r e\u015fyalar\u0131n alt\u0131nda kalan hav ipliklerinin ezilmesi durumunda, bu b\u00f6lgedeki hav iplikleri tercihen \u00f6nce yumu\u015fak plastik u\u00e7lu bir f\u0131r\u00e7a ile f\u0131r\u00e7alanmal\u0131 daha sonra da f\u0131r\u00e7al\u0131 bir elektrik s\u00fcp\u00fcrgesi ile s\u00fcp\u00fcr\u00fclmelidir.<\/p>\n<p>S\u0131kl\u0131\u011f\u0131 500.000 u\u00e7 ve fazlas\u0131 olan hal\u0131lar\u0131n y\u00fczeyine sivri veya sert cisim ile kuvvet kullan\u0131larak temas edildi\u011fi takdirde, temas noktas\u0131ndaki iplik i\u00e7 k\u0131sma b\u00fck\u00fclerek hal\u0131da iz \u015feklinde g\u00f6r\u00fcnt\u00fc olu\u015fturabilir. \u00c7\u00fcnk\u00fc d\u00fcz duran havlar\u0131n aras\u0131na zorlanmayla yatan u\u00e7lar, hal\u0131 hav\u0131n\u0131n s\u0131k olmas\u0131ndan dolay\u0131 kendili\u011finden d\u00fczelememektedir. Bu da uzun s\u00fcrede, hal\u0131 havlar\u0131nda deformasyona neden olmaktad\u0131r.<\/p>\n<p>Hav ipli\u011fi cinsi ne olursa olsun hal\u0131 y\u00fczeyi, s\u0131cak herhangi bir maddeyle temas ettirilmemelidir. (SU, \u00c7AY, \u00dcT\u00dc VB.)<\/p>\n<p>Hal\u0131 y\u00fczeyinde, kullan\u0131m yo\u011funlu\u011fu fark\u0131 olan yerler aras\u0131nda farkl\u0131l\u0131klar olmas\u0131 ka\u00e7\u0131n\u0131lmazd\u0131r. \u00d6zellikle d\u00fcz ve a\u00e7\u0131k zeminli hal\u0131larda bu durum daha da belirginle\u015fmektedir. Bu durumun \u00f6n\u00fcne ge\u00e7mek amac\u0131yla, hal\u0131 belirli aral\u0131klarla yer de\u011fi\u015ftirilmelidir.<\/p>\n<p>Polipropilen hal\u0131larda, hal\u0131 yap\u0131m\u0131nda kullan\u0131lan elyaf\u0131n \u00f6zelli\u011finden dolay\u0131 daha kolay ve k\u0131sa s\u00fcrede ke\u00e7ele\u015fme, deforme vb. gibi olumsuz durumlar ger\u00e7ekle\u015febilmektedir. Bu hal\u0131lar al\u0131n\u0131rken kullan\u0131m yo\u011funlu\u011funun az oldu\u011fu yerlerde kullan\u0131lmas\u0131 gereklili\u011fi g\u00f6z \u00f6n\u00fcnde bulundurulmal\u0131d\u0131r.<\/p>\n<p>Hal\u0131 ta\u015f\u0131n\u0131rken veya muhafaza edilirken kesinlikle katlanmamal\u0131d\u0131r. Her zaman rulo halinde ta\u015f\u0131nmal\u0131 veya muhafaza edilmelidir. Muhafaza yeri; nemli, rutubetli veya direkt g\u00fcne\u015f \u0131\u015f\u0131\u011f\u0131 alan cam yak\u0131n\u0131 vb. olmamal\u0131d\u0131r.<br \/>\nTa\u015f\u0131ma esnas\u0131nda sert ve sivri cisimlerin hal\u0131y\u0131 zedelememesine \u00f6zen g\u00f6sterilmelidir.<\/p>\n<p>Akrilik ipli\u011fi kullan\u0131larak \u00fcretilmi\u015f hal\u0131larda bir miktar t\u00fcy d\u00f6k\u00fclmesi ka\u00e7\u0131n\u0131lmazd\u0131r. D\u00fczenli olarak vakumlu elektrik s\u00fcp\u00fcrgesi ile s\u00fcp\u00fcr\u00fclen hal\u0131larda bu durum \u00e7ok k\u0131sa s\u00fcrede yok denecek kadar azalmaktad\u0131r.<br \/>\nHal\u0131larda g\u00f6r\u00fclen g\u00f6lgelenme (baz\u0131 ipliklerin farkl\u0131 tonlarda g\u00f6r\u00fclmesi) \u00fcretim kaynakl\u0131 bir sorun de\u011fildir. Hal\u0131n\u0131n kullan\u0131m yo\u011funlu\u011fu farkl\u0131l\u0131klar\u0131, nem farkl\u0131l\u0131klar\u0131 ve zemindeki d\u00fczg\u00fcns\u00fczl\u00fck farkl\u0131l\u0131klar\u0131ndan kaynaklanan g\u00f6lgelenme sorunu \u00f6zellikle a\u00e7\u0131k zeminli d\u00fcz hal\u0131larda daha \u00e7ok g\u00f6zlemlenmektedir.<\/p>\n<p>Baz\u0131 hal\u0131larda ayak izleri g\u00f6r\u00fclebilmektedir. Bu durum hal\u0131n\u0131n kullan\u0131ld\u0131\u011f\u0131 yere, kullan\u0131lan desenin sadeli\u011fine ve hav ipliklerinin parlakl\u0131\u011f\u0131na ba\u011fl\u0131 olarak art\u0131p azalabilmektedir. Bu t\u00fcr izlerden rahats\u0131z olan kullan\u0131c\u0131lar\u0131n daha kar\u0131\u015f\u0131k ve koyu renkli desenler tercih etmesi tavsiye edilmektedir.<\/p>\n<p>Hal\u0131 hav\u0131n\u0131n uzun s\u00fcre do\u011frudan g\u00fcne\u015f \u0131\u015f\u0131\u011f\u0131na maruz kalmas\u0131 durumunda renklerde de\u011fi\u015fim meydana gelebilmektedir. Do\u011frudan g\u00fcne\u015f \u0131\u015f\u0131\u011f\u0131 alan yerlerde hal\u0131n\u0131n yeri s\u0131k s\u0131k de\u011fi\u015ftirilmeli veya direkt g\u00fcne\u015f \u0131\u015f\u0131\u011f\u0131 al\u0131nan saatlerde pencerede perde kullan\u0131larak bu durumun \u00f6n\u00fcne ge\u00e7ilmelidir.<\/p>\n<p>Farkl\u0131 partilerdeki hav iplikleri ile \u00fcretilen hal\u0131larda bir miktar ton farkl\u0131l\u0131\u011f\u0131 olabilmektedir. Ayr\u0131ca daha \u00f6nce al\u0131n\u0131p bir s\u00fcre kullan\u0131lm\u0131\u015f hal\u0131 ile yeni hal\u0131 aras\u0131nda da farkl\u0131l\u0131k olmaktad\u0131r. Eski hal\u0131 ile e\u015f olarak kullan\u0131lmak \u00fczere hal\u0131 al\u0131n\u0131rken bu durum g\u00f6z \u00f6n\u00fcnde bulundurulmal\u0131 ve ma\u011fazada e\u015fle\u015ftirilerek al\u0131nmal\u0131d\u0131r.<\/p>\n<p>Yan yana serilmek \u00fczere hal\u0131 al\u0131n\u0131rken, farkl\u0131 tarihlerde \u00fcretilen hal\u0131larda renk tonu fark\u0131 olma ihtimaline kar\u015f\u0131, \u00f6nceden yan yana serilerek kontrol edilmelidir.<\/p>\n<p>Yuvarlak, oval ve sekizgen hal\u0131lar her kenar\u0131 overlok dikilmi\u015f olarak sat\u0131l\u0131rlar ve bu hal\u0131larda hal\u0131 dokuma y\u00f6n\u00fcnde (normal hal\u0131da sa\u00e7ak tak\u0131lan b\u00f6lge) olan kenarlar, yan kenarlara nazaran hal\u0131 dokuma tekni\u011fi gere\u011fi daha zay\u0131f overlok tutma \u00f6zelli\u011fine sahiptir. Dolay\u0131s\u0131yla \u00e7\u0131rpma ve d\u00f6vme bu hal\u0131larda overlok patlamalar\u0131na sebebiyet vermektedir. Bu t\u00fcr hal\u0131lar al\u0131n\u0131rken ve kullan\u0131l\u0131rken bu \u00f6zellik dikkate al\u0131nmal\u0131d\u0131r.<\/p>\n<p>Deri hal\u0131lar do\u011fal malzemeden \u00fcretildi\u011fi i\u00e7in ayn\u0131 gruba d\u00e2hil \u00fcr\u00fcnlerin renklerinde farkl\u0131l\u0131klar olabilmektedir. Do\u011fal malzeme olmas\u0131 sebebiyle ebatlarda birebir standart \u00fcretim s\u00f6z konusu de\u011fildir. Ayn\u0131 gruptan hal\u0131lar aras\u0131nda farkl\u0131l\u0131klar g\u00f6r\u00fclebilmektedir.<\/p>\n<p>&nbsp;<\/p>\n<p>*Viskon, Pamuk ve Rayon iplik kullan\u0131larak \u00fcretilen hal\u0131larda, hal\u0131 yap\u0131m\u0131nda kullan\u0131lan elyaf suya kar\u015f\u0131 hassas oldu\u011fundan dolay\u0131 direkt su ile temas\u0131ndan ka\u00e7\u0131n\u0131lmal\u0131d\u0131r. Bu t\u00fcr \u00fcr\u00fcnlerin temizli\u011fi nemli bez ile yap\u0131lmal\u0131d\u0131r.<\/p>\n<p>*Polypropilen (P.P) ve Polyester ( PES.) iplikli hal\u0131larda kullan\u0131lan elyaf\u0131n \u00f6zelli\u011finden dolay\u0131 kolay ve k\u0131sa s\u00fcrede ke\u00e7ele\u015fme, deforme vb. gibi olumsuz durumlar ger\u00e7ekle\u015febilir. Bu hal\u0131lar\u0131 al\u0131rken kullan\u0131m yo\u011funlu\u011fu az olan noktalar\u0131n se\u00e7ilmesi \u00f6nemli bir husustur.<\/p>\n<p>*Hal\u0131lar\u0131m\u0131zda leke tutmama gibi bir \u00f6zellik yoktur. Kullan\u0131m hatas\u0131na ba\u011fl\u0131 olarak olu\u015fan lekeler i\u00e7in profesyonel hal\u0131 temizleyicilerinden kullan\u0131m talimatlar\u0131na uygun olarak hizmet isteyebilirsiniz.<\/p>\n<p>*Baz\u0131 koleksiyonlarda pamuk atk\u0131 kullan\u0131ld\u0131\u011f\u0131ndan \u00f6l\u00e7\u00fclerde %1 ile %5 aras\u0131nda de\u011fi\u015fim olabilir.[\/vc_column_text][\/vc_column][\/vc_row]<\/p>\n","protected":false},"excerpt":{"rendered":"<p>[vc_row][vc_column][vc_column_text]Hal\u0131n\u0131z\u0131 daha uzun s\u00fcre kullanman\u0131z i\u00e7in, kullan\u0131m talimat\u0131na uygun ve \u00f6zenli kullanman\u0131z gerekmektedir Hal\u0131 i\u00e7in [&hellip;]<\/p>\n","protected":false},"author":1,"featured_media":0,"parent":0,"menu_order":0,"comment_status":"closed","ping_status":"closed","template":"","meta":{"footnotes":""},"class_list":["post-75","page","type-page","status-publish","hentry"],"translation":{"provider":"WPGlobus","version":"3.0.0","language":"en","enabled_languages":["tr","en"],"languages":{"tr":{"title":true,"content":true,"excerpt":false},"en":{"title":false,"content":false,"excerpt":false}}},"_links":{"self":[{"href":"https:\/\/macuncudayi.teknoritimdns.com\/en\/wp-json\/wp\/v2\/pages\/75","targetHints":{"allow":["GET"]}}],"collection":[{"href":"https:\/\/macuncudayi.teknoritimdns.com\/en\/wp-json\/wp\/v2\/pages"}],"about":[{"href":"https:\/\/macuncudayi.teknoritimdns.com\/en\/wp-json\/wp\/v2\/types\/page"}],"author":[{"embeddable":true,"href":"https:\/\/macuncudayi.teknoritimdns.com\/en\/wp-json\/wp\/v2\/users\/1"}],"replies":[{"embeddable":true,"href":"https:\/\/macuncudayi.teknoritimdns.com\/en\/wp-json\/wp\/v2\/comments?post=75"}],"version-history":[{"count":9,"href":"https:\/\/macuncudayi.teknoritimdns.com\/en\/wp-json\/wp\/v2\/pages\/75\/revisions"}],"predecessor-version":[{"id":85,"href":"https:\/\/macuncudayi.teknoritimdns.com\/en\/wp-json\/wp\/v2\/pages\/75\/revisions\/85"}],"wp:attachment":[{"href":"https:\/\/macuncudayi.teknoritimdns.com\/en\/wp-json\/wp\/v2\/media?parent=75"}],"curies":[{"name":"wp","href":"https:\/\/api.w.org\/{rel}","templated":true}]}}